{"id":24,"date":"2025-05-02T00:00:50","date_gmt":"2025-05-01T22:00:50","guid":{"rendered":"https:\/\/castiglione.be\/?page_id=24"},"modified":"2025-09-08T08:46:20","modified_gmt":"2025-09-08T06:46:20","slug":"f-castiglione","status":"publish","type":"page","link":"https:\/\/castiglione.be\/","title":{"rendered":"F. Castiglione"},"content":{"rendered":"\n<div class=\"wp-block-group is-layout-constrained wp-block-group-is-layout-constrained\">\n<p>CONSEIL FISCAL<\/p>\n\n\n\n<p>Aide \u00e0 la r\u00e9daction et simulation de r\u00e9sultats de vos d\u00e9clarations fiscales <\/p>\n\n\n\n<p>(tva, imp\u00f4t des soci\u00e9t\u00e9s, personnes physiques, droits de donations et successions)<\/p>\n<\/div>\n\n\n\n<p>R\u00e9duction de la charge fiscale en utilisant des outils r\u00e9glementaires et eu \u00e9gard aux lois fiscales actuelles<\/p>\n\n\n\n<p>CONSEIL DE GESTION<\/p>\n\n\n\n<p>Evaluation des co\u00fbts de reprises et viabilit\u00e9 d&rsquo;un investissement (ROI)<\/p>\n\n\n\n<p>Aide \u00e0 la d\u00e9cision lors d&rsquo;une remise ou une reprise d&rsquo;affaires<\/p>\n\n\n\n<p>Tableau de bord et pilotage d&rsquo;entreprise (segmentation de march\u00e9)<\/p>\n\n\n\n<p>FORMATION <\/p>\n\n\n\n<p>Modules \u00e0 la carte dans le domaine comptable et fiscal, dans l\u2019organisation administrative de votre entreprise<\/p>\n\n\n\n<p>Table de conversation et d&rsquo;\u00e9changes conviviaux sur des th\u00e8mes sp\u00e9cifiques en petit groupe ou individuel<\/p>\n\n\n\n<p>TRANSITION NUMERIQUE<\/p>\n\n\n\n<p>Un regard externe au sujet de votre mutation num\u00e9rique. <\/p>\n\n\n\n<p>Consultance dans l&rsquo;int\u00e9gration de moyens digitaux (Peppol)<\/p>\n\n\n\n<p>Pr\u00e9paration \u00e0 la facture \u00e9lectronique<\/p>\n\n\n\n<p>PRISE DE RENDEZ-VOUS  VIA courriel : <a href=\"mailto:info@castiglione.be\">info@castiglione.be<\/a><\/p>\n","protected":false},"excerpt":{"rendered":"<p>CONSEIL FISCAL Aide \u00e0 la r\u00e9daction et simulation de r\u00e9sultats de vos d\u00e9clarations fiscales (tva, imp\u00f4t des soci\u00e9t\u00e9s, personnes physiques, droits de donations et successions) R\u00e9duction de la charge fiscale en utilisant des outils r\u00e9glementaires et eu \u00e9gard aux lois fiscales actuelles CONSEIL DE GESTION Evaluation des co\u00fbts de reprises et viabilit\u00e9 d&rsquo;un investissement (ROI) [&hellip;]<\/p>\n","protected":false},"author":1,"featured_media":0,"parent":0,"menu_order":0,"comment_status":"closed","ping_status":"closed","template":"page-large-header","meta":{"footnotes":""},"class_list":["post-24","page","type-page","status-publish","hentry"],"_links":{"self":[{"href":"https:\/\/castiglione.be\/index.php\/wp-json\/wp\/v2\/pages\/24","targetHints":{"allow":["GET"]}}],"collection":[{"href":"https:\/\/castiglione.be\/index.php\/wp-json\/wp\/v2\/pages"}],"about":[{"href":"https:\/\/castiglione.be\/index.php\/wp-json\/wp\/v2\/types\/page"}],"author":[{"embeddable":true,"href":"https:\/\/castiglione.be\/index.php\/wp-json\/wp\/v2\/users\/1"}],"replies":[{"embeddable":true,"href":"https:\/\/castiglione.be\/index.php\/wp-json\/wp\/v2\/comments?post=24"}],"version-history":[{"count":14,"href":"https:\/\/castiglione.be\/index.php\/wp-json\/wp\/v2\/pages\/24\/revisions"}],"predecessor-version":[{"id":102,"href":"https:\/\/castiglione.be\/index.php\/wp-json\/wp\/v2\/pages\/24\/revisions\/102"}],"wp:attachment":[{"href":"https:\/\/castiglione.be\/index.php\/wp-json\/wp\/v2\/media?parent=24"}],"curies":[{"name":"wp","href":"https:\/\/api.w.org\/{rel}","templated":true}]}}